{"id":25,"date":"2023-08-15T10:29:46","date_gmt":"2023-08-15T08:29:46","guid":{"rendered":"https:\/\/sainteartsmartiaux.fr\/?page_id=25"},"modified":"2026-04-17T18:13:02","modified_gmt":"2026-04-17T16:13:02","slug":"aikido","status":"publish","type":"page","link":"https:\/\/sainteartsmartiaux.fr\/index.php\/aikido\/","title":{"rendered":"AIKIDO"},"content":{"rendered":"\n<h2 class=\"wp-block-heading\"><strong>Luc Mathevet<\/strong><\/h2>\n\n\n\n<p>N\u00e9 en 1964, Luc Mathevet a commenc\u00e9 \u00e0 l\u2019a\u00efkido en 1983 \u00e0 la M.J.C. de Rive-de-Gier. Les cours \u00e9taient<br>dispens\u00e9s par Philippe Gouttard. Par la suite, il a suivi avec assiduit\u00e9 les diff\u00e9rents entra\u00eenement \u00e0 Givors,<br>Rive-de-Gier et Saint-\u00c9tienne, tout en compl\u00e9tant sa formation par la pratique en stage.<\/p>\n\n\n\n<p><br>C\u2019est l\u00e0 qu\u2019il rencontrera Christian Tissier et les professeurs japonais Yamaguchi Seigo Shihan, Endo<br>Seishiro Shihan, Yasuno Masatoshi Shihan. Son investissement dans la pratique l\u2019am\u00e8ne naturellement \u00e0<br>passer ses dipl\u00f4mes d\u2019\u00e9tat 1er et 2nd degr\u00e9 pour enseigner en club. Il participe \u00e0 la formation des brevets<br>f\u00e9d\u00e9raux et des examinateurs de passages de grades dans la r\u00e9gion Rh\u00f4ne-Alpes. A la suite de Philippe<br>Gouttard, il occupe actuellement le poste de DTR pour cette r\u00e9gion. Pour compl\u00e9ter sa formation,<br>approfondir, enrichir et renouveler son enseignement, il retourne r\u00e9guli\u00e8rement au Japon depuis 1992.<\/p>\n\n\n\n<p><br>Il est D\u00e9l\u00e9gu\u00e9 F\u00e9d\u00e9ral R\u00e9gional pour la r\u00e9gion Auvergne-Rh\u00f4ne-Alpes, responsable du perfectionnement<br>technique et p\u00e9dagogique. Il pilote et coordonne l\u2019action du Coll\u00e8ge Technique R\u00e9gional qui rassemble<br>des enseignants de haut niveau de la ligue.<\/p>\n\n\n\n<p><br>Il a \u00e9t\u00e9 nomm\u00e9 7i\u00e8me dan UFA en mars 2020, par ailleurs, suite \u00e0 ses nombreux stages au Japon il est<br>6i\u00e8me dan de l\u2019A\u00efkika\u00ef de Tokyo depuis 2018 et Shihan depuis 2024.<\/p>\n\n\n\n<hr class=\"wp-block-separator has-alpha-channel-opacity\"\/>\n\n\n\n<h2 class=\"wp-block-heading\"><strong>Philippe Gouttard<\/strong><\/h2>\n\n\n\n<p><br>N\u00e9 en 1954, Philippe Gouttard a commenc\u00e9 l\u2019a\u00efkido \u00e0 l\u2019\u00e2ge de 16 ans au Dojo du Portail Rouge sous la<br>conduite de M. Blachon. C\u2019est dans ce dojo qu\u2019ont \u00e9galement d\u00e9but\u00e9 M. Pabiou et M. Cognard. Ce fut<br>une \u00e9poque o\u00f9 vinrent de nombreux experts.<\/p>\n\n\n\n<p><br>Le premier cours de Philippe Gouttard est ainsi donn\u00e9 par Me Tamura. Aussi bien en France qu\u2019\u00e0<br>l\u2019\u00e9tranger, il effectue de tr\u00e8s nombreux stages aupr\u00e8s des experts japonais comme Me Tamura, Me Noro<br>Misamichi, Me Kobayashi. C\u2019est durant les stages de Me Noro qu\u2019il fait la connaissance de Me Asai<br>Katsuaki qui enseigne en Allemagne. Cette rencontre est d\u00e9terminante pour lui puisqu\u2019il part suivre son<br>enseignement en Allemagne durant 7 ans.<\/p>\n\n\n\n<p><br>En 1978, une autre rencontre le mit sur les rails de son aikido actuel : Christian Tissier, venu donner un<br>stage \u00e0 Saint-\u00c9tienne. Depuis ce jour, il n\u2019a pas arr\u00eat\u00e9 de le suivre et a constamment progress\u00e9 \u00e0 son<br>contact. Il rencontra \u00e9galement Me Yamaguchi qu\u2019il retrouva r\u00e9guli\u00e8rement au Japon o\u00f9 il s\u2019entra\u00eene<br>chaque ann\u00e9e depuis le d\u00e9but des ann\u00e9es 80. L\u00e0-bas, il a aussi suivi les cours de Me Ueshiba Kisshomaru<br>et de Me Osawa Kisaburo. Si tous les trois sont aujourd\u2019hui malheureusement d\u00e9c\u00e9d\u00e9s, le renouveau de<br>l\u2019enseignement \u00e0 l\u2019A\u00efkika\u00ef de Tokyo lui donne toujours le m\u00eame plaisir puisqu\u2019il suit d\u00e9sormais les cours<br>de l\u2019actuel Doshu, de Me Endo Seishiro, de Me Yasuno Masatushi, et de tous les autres ma\u00eetres de<br>l\u2019A\u00efkika\u00ef.<\/p>\n\n\n\n<p><br>Responsable technique de la r\u00e9gion Rh\u00f4ne-Alpes pour la FFAAA pendant 15 ans, Philippe Gouttard a<br>re\u00e7u le sixi\u00e8me dan de la F\u00e9d\u00e9ration fran\u00e7aise, ainsi que celui de l\u2019aikikai des mains de Endo Shihan.<br>Il donne r\u00e9guli\u00e8rement des cours en France et \u00e0 l\u2019\u00e9tranger : Suisse, Allemagne, Irlande, R\u00e9publique<br>Tch\u00e8que, Etats-Unis, Hollande, et dans les \u00eeles fran\u00e7aises loin de la m\u00e9tropole : la R\u00e9union et la<br>Martinique.<\/p>\n\n\n\n<p><br>Il a form\u00e9 de nombreuses ceintures noires : Luc Mathevet 6\u00e8me dan, Cyril Lagrasta 5\u00e8me dan et de<br>nombreux autres grad\u00e9s dans toute l\u2019Europe.<\/p>\n\n\n\n<p><br>Aujourd\u2019hui, il continue sa vie de budoka, et est titulaire d\u2019un dipl\u00f4me d\u2019ost\u00e9opathie depuis 2007.<br>En janvier 2017, Philippe Gouttard est el\u00e9v\u00e9 au rang du 7\u00e8me dan Shihan par l\u2019a\u00efkika\u00ef de Tokyo<\/p>\n\n\n\n<hr class=\"wp-block-separator has-alpha-channel-opacity\"\/>\n\n\n\n<h2 class=\"wp-block-heading\"><strong>L\u2019A\u00cfKIDO,un art pour r\u00e9g\u00e9n\u00e9rer son \u00e9nergie<\/strong><\/h2>\n\n\n\n<p><br>Comment retrouver ou d\u00e9velopper sa vitalit\u00e9 physique et psychique?<br>L\u2019A\u00efkido, une autre fa\u00e7on d\u2019am\u00e9liorer sa condition physique et mentale.<\/p>\n\n\n\n<p><br>Avec la recherche de la coordination et de la fluidit\u00e9 du mouvement, l\u2019A\u00efkido ouvre la conscience de<br>notre corps, de notre respiration et de nos \u00e9motions . Le contexte martial implique l\u2019\u00e9tude des situations<br>d\u2019opposition en envisageant diff\u00e9rentes options, cette r\u00e9flexion strat\u00e9gique sur le conflit nous apprend \u00e0<br>r\u00e9guler la charge mentale, identifier les tensions et les \u00e9liminer.<\/p>\n\n\n\n<p><br>Des cours d\u2019initiation sont possibles pour la d\u00e9couverte de cette activit\u00e9 aux multiples facettes : condition<br>physique et mentale, r\u00e9gulation du stress, strat\u00e9gie du conflit, d\u00e9termination dans l\u2019action et d\u00e9fense<br>personnelle. Le tout dans la coop\u00e9ration et la progressivit\u00e9.<\/p>\n\n\n\n<p>Les cours sont accessibles aux d\u00e9butants\/tes adultes et aux avanc\u00e9s, cours le midi 12h30 13h30 mardi-<br>mercredi -jeudi, et en soir\u00e9e 18h30 mardi-jeudi et samedi matin 10h30.<\/p>\n\n\n\n<p>Des cours adapt\u00e9s sport bien-\u00eatre sont accessibles aux personnes qui ne peuvent pas chuter et veulent<br>am\u00e9liorer leur sant\u00e9, les mercredi \u00e0 11h00 et samedi 9h30 avec Laurence Lebrot 5 dan Brevet F\u00e9d\u00e9ral.<br><\/p>\n\n\n\n<p><strong>Quelques Illustrations : <\/strong><\/p>\n\n\n\n<figure class=\"wp-block-embed is-type-video is-provider-youtube wp-block-embed-youtube wp-embed-aspect-16-9 wp-has-aspect-ratio\"><div class=\"wp-block-embed__wrapper\">\n<iframe loading=\"lazy\" title=\"VID 20221011 125334\" width=\"1217\" height=\"685\" src=\"https:\/\/www.youtube.com\/embed\/oSTKNUW_JWg?feature=oembed\" frameborder=\"0\" allow=\"accelerometer; autoplay; clipboard-write; encrypted-media; gyroscope; picture-in-picture; web-share\" referrerpolicy=\"strict-origin-when-cross-origin\" allowfullscreen><\/iframe>\n<\/div><\/figure>\n\n\n\n<hr class=\"wp-block-separator has-alpha-channel-opacity\"\/>\n\n\n\n<figure class=\"wp-block-embed is-type-video is-provider-youtube wp-block-embed-youtube wp-embed-aspect-16-9 wp-has-aspect-ratio\"><div class=\"wp-block-embed__wrapper\">\n<iframe loading=\"lazy\" title=\"VID 20240807 164540\" width=\"1217\" height=\"685\" src=\"https:\/\/www.youtube.com\/embed\/6wApnSCtSrY?feature=oembed\" frameborder=\"0\" allow=\"accelerometer; autoplay; clipboard-write; encrypted-media; gyroscope; picture-in-picture; web-share\" referrerpolicy=\"strict-origin-when-cross-origin\" allowfullscreen><\/iframe>\n<\/div><\/figure>\n\n\n\n<hr class=\"wp-block-separator has-alpha-channel-opacity\"\/>\n\n\n\n<figure class=\"wp-block-embed is-type-video is-provider-youtube wp-block-embed-youtube wp-embed-aspect-16-9 wp-has-aspect-ratio\"><div class=\"wp-block-embed__wrapper\">\n<iframe loading=\"lazy\" title=\"jyu waza\" width=\"1217\" height=\"685\" src=\"https:\/\/www.youtube.com\/embed\/dgS5ho1XJ4I?feature=oembed\" frameborder=\"0\" allow=\"accelerometer; autoplay; clipboard-write; encrypted-media; gyroscope; picture-in-picture; web-share\" referrerpolicy=\"strict-origin-when-cross-origin\" allowfullscreen><\/iframe>\n<\/div><\/figure>\n","protected":false},"excerpt":{"rendered":"<p>Luc Mathevet N\u00e9 en 1964, Luc Mathevet a commenc\u00e9 \u00e0 l\u2019a\u00efkido en 1983 \u00e0 la M.J.C. de Rive-de-Gier. Les cours \u00e9taientdispens\u00e9s par Philippe Gouttard. Par la suite, il a suivi avec assiduit\u00e9 les diff\u00e9rents entra\u00eenement \u00e0 Givors,Rive-de-Gier et Saint-\u00c9tienne, tout en compl\u00e9tant sa formation par la pratique en stage. C\u2019est &hellip;<\/p>\n","protected":false},"author":2,"featured_media":0,"parent":0,"menu_order":0,"comment_status":"closed","ping_status":"closed","template":"","meta":{"footnotes":""},"class_list":["post-25","page","type-page","status-publish","hentry"],"_links":{"self":[{"href":"https:\/\/sainteartsmartiaux.fr\/index.php\/wp-json\/wp\/v2\/pages\/25","targetHints":{"allow":["GET"]}}],"collection":[{"href":"https:\/\/sainteartsmartiaux.fr\/index.php\/wp-json\/wp\/v2\/pages"}],"about":[{"href":"https:\/\/sainteartsmartiaux.fr\/index.php\/wp-json\/wp\/v2\/types\/page"}],"author":[{"embeddable":true,"href":"https:\/\/sainteartsmartiaux.fr\/index.php\/wp-json\/wp\/v2\/users\/2"}],"replies":[{"embeddable":true,"href":"https:\/\/sainteartsmartiaux.fr\/index.php\/wp-json\/wp\/v2\/comments?post=25"}],"version-history":[{"count":3,"href":"https:\/\/sainteartsmartiaux.fr\/index.php\/wp-json\/wp\/v2\/pages\/25\/revisions"}],"predecessor-version":[{"id":1077,"href":"https:\/\/sainteartsmartiaux.fr\/index.php\/wp-json\/wp\/v2\/pages\/25\/revisions\/1077"}],"wp:attachment":[{"href":"https:\/\/sainteartsmartiaux.fr\/index.php\/wp-json\/wp\/v2\/media?parent=25"}],"curies":[{"name":"wp","href":"https:\/\/api.w.org\/{rel}","templated":true}]}}