{"id":27,"date":"2023-08-15T10:29:54","date_gmt":"2023-08-15T08:29:54","guid":{"rendered":"https:\/\/sainteartsmartiaux.fr\/?page_id=27"},"modified":"2023-09-17T13:39:22","modified_gmt":"2023-09-17T11:39:22","slug":"iaido","status":"publish","type":"page","link":"https:\/\/sainteartsmartiaux.fr\/index.php\/iaido\/","title":{"rendered":"IAIDO"},"content":{"rendered":"\n<h1 class=\"wp-block-heading\"><strong><em>Ia\u00efdo<\/em>&nbsp;\u5c45\u5408\u9053<\/strong><\/h1>\n\n\n\n<div class=\"wp-block-columns is-layout-flex wp-container-core-columns-is-layout-9d6595d7 wp-block-columns-is-layout-flex\">\n<div class=\"wp-block-column is-layout-flow wp-block-column-is-layout-flow\" style=\"flex-basis:30%\">\n<ul class=\"has-large-font-size wp-block-list\">\n<li style=\"font-size:19px\">\u5c45&nbsp;<em>I<\/em> = \u00eatre<\/li>\n\n\n\n<li style=\"font-size:19px\">\u5408&nbsp;<em>A\u00ef <\/em>= union, unit\u00e9, accord, harmonie<\/li>\n\n\n\n<li style=\"font-size:19px\">\u9053&nbsp;<em>Do<\/em> = la Voie<\/li>\n<\/ul>\n<\/div>\n<\/div>\n\n\n\n<p class=\"has-text-align-left\">L\u2019<em>Iaido<\/em> c\u2019est donc la Voie de l\u2019Unit\u00e9 de l\u2019\u00catre . Voie de l\u2019union de soi avec le reste, Voie de l\u2019adaptation ou de l\u2019harmonie, \u00e0 toutes les circonstances, \u00e0 toutes les situations .<\/p>\n\n\n\n<h1 class=\"wp-block-heading\"><strong>Muso Shinden Ryu<\/strong><\/h1>\n\n\n\n<p>L\u2019\u00e9cole d\u2019Ia\u00efdo enseign\u00e9e par&nbsp;<em>Seigyo Iaido<\/em> est Muso Shinden Ryu. Fond\u00e9e sur les bases transmises depuis le 17e si\u00e8cle par les successeurs d\u2019Hayashizaki Jinsuke Shigenobu&nbsp;, codifi\u00e9e et baptis\u00e9e par Nakayama Hakudo au si\u00e8cle dernier , c\u2019est actuellement l\u2019\u00e9cole la plus populaire au Japon pour sa puret\u00e9, son d\u00e9pouillement et sa simplicit\u00e9.<\/p>\n\n\n\n<p>Plus d\u2019informations\u00a0:<br>FEI\u00a0:\u00a0<em><a href=\"http:\/\/fei-iai.ch\/info\/historique\/\">Historique du Muso Shinden Ryu Ia\u00efdo<\/a><\/em><br>Wikipedia\u00a0:\u00a0<em><a href=\"http:\/\/fr.wikipedia.org\/wiki\/Muso_shinden_ryu\">Mus\u014d shinden ry\u016b<\/a><\/em>.<\/p>\n\n\n\n<p>Site de la section Iaido : <a href=\"https:\/\/seigyo-iaido-loire.fr\" data-type=\"link\" data-id=\"https:\/\/seigyo-iaido-loire.fr\" target=\"_blank\" rel=\"noreferrer noopener\">https:\/\/seigyo-iaido-loire.fr<\/a><\/p>\n\n\n\n<h1 class=\"wp-block-heading\"><strong>Seitei Ia\u00ef<\/strong><\/h1>\n\n\n\n<p>La f\u00e9d\u00e9ration japonaise de kendo (<em>Zen Nihon Kend\u014d Renmei<\/em>, dite ZNKR) propose une s\u00e9rie de douze katas (formes) nomm\u00e9e zen ken ren iai ou seitei iai. \u00c0 l\u2019origine, les dirigeants des diff\u00e9rentes traditions martiales japonaises souhaitaient faire en sorte que leur cadres acqui\u00e8rent une certaine pluridisciplinarit\u00e9.<br>Cette s\u00e9rie de kata, collect\u00e9s dans plusieurs traditions historiques, devait permettre &#8211; c\u2019\u00e9tait presque un passage oblig\u00e9 \u00e0 partir de 5i\u00e8me dan&#8230;- aux pratiquants de haut niveau d\u2019avoir un aper\u00e7u du Iai (Le Seitei Jo est n\u00e9 \u00e9galement, etc.).<\/p>\n\n\n\n<p>Aujourd\u2019hui, cette s\u00e9rie vise \u00e0 offrir aux pratiquants de kendo et aux d\u00e9butants dans l\u2019 iaid\u014d un ensemble coh\u00e9rent donnant un aper\u00e7u des techniques d\u2019iai sans pour autant s\u2019engager dans une \u00e9cole (Elle est aussi jug\u00e9e par certains \u00ab\u00a0puristes\u00a0\u00bb comme un pot-au-feu, indigne d\u2019une pratique \u00e0 long terme. En effet, \u00e0 la longue, pratiqu\u00e9e de mani\u00e8re homog\u00e8ne, les katas d\u2019origine perdent une bonne partie de leur sens et de leur richesse, lorsqu\u2019on se r\u00e9f\u00e8re \u00e0 l\u2019esprit de l\u2019\u00e9cole dont ils proviennent).<\/p>\n\n\n\n<p>Comportant \u00e0 sa cr\u00e9ation en 1968 sept katas propos\u00e9s essentiellement par les \u00e9coles&nbsp;<em>Muso Shinden Ry\u016b<\/em>&nbsp;et&nbsp;<em>Muso Jikiden Eishin Ry\u016b<\/em>, la s\u00e9rie s\u2019est enrichie en 1980 de trois formes suppl\u00e9mentaires, puis en 2001 de deux nouvelles. Cette s\u00e9rie permet la rencontre des \u00e9coles traditionnelles autour d\u2019un style qui, pour artificiel et contemporain qu\u2019il soit, est commun. Elle offre \u00e9galement la possibilit\u00e9 de passages de grades f\u00e9d\u00e9raux, qui sont les seuls actuellement reconnus par l\u2019<em>International Kendo Federation<\/em>&nbsp;(IKF) et les minist\u00e8res nationaux appropri\u00e9s, comme&nbsp;<em>Jeunesse et Sports en France<\/em>.<\/p>\n\n\n\n<h2 class=\"wp-block-heading\"><strong>Pratique<\/strong><\/h2>\n\n\n\n<p>L\u2019<em>Ia\u00efdo<\/em>&nbsp;se pratique avec un vrai sabre japonais (<em>katana<\/em>) tranchant comme un rasoir, ou pour le d\u00e9butant, un&nbsp;<em>ia\u00efto<\/em>, non aiguis\u00e9. Il se pr\u00e9sente sous forme de&nbsp;<em>kata<\/em>&nbsp;\u00e0 ex\u00e9cuter seul. Chaque&nbsp;<em>kata<\/em>&nbsp;comprend quatre phases&nbsp;:<br>1. D\u00e9gainage (<em>nukitsuke<\/em>)<br>2. Coups principaux (<em>kiritsuke<\/em>),<br>3. Nettoyage du sang sur la lame (<em>chiburi<\/em>),<br>4. Rengainage (<em>noto<\/em>)<\/p>\n\n\n\n<p>L\u2019<em>Iaido<\/em>, contrairement \u00e0 la plupart des autres arts martiaux, se travaille sans partenaire. Ceci permet au pratiquant de se trouver face \u00e0 lui-m\u00eame et lui \u00e9vite de s\u2019illusionner sur l\u2019&nbsp;\u00ab\u00a0efficacit\u00e9\u00a0\u00bb de sa pratique. Cette forme de travail solitaire s\u2019appelle&nbsp;<em>tandoku renshu<\/em>. L\u2019\u00e9cole Muso Shinden est divis\u00e9e en trois s\u00e9ries progressives totalisant 43&nbsp;<em>kata<\/em>. L\u2019\u00e9l\u00e8ve se doit cependant de compl\u00e9ter sa formation par d\u2019autres pratiques, telles&nbsp;<em>sotai renshu<\/em>&nbsp;(travail avec adversaires) et&nbsp;<em>tameshi giri<\/em> (coupe de cibles)&nbsp;.<\/p>\n\n\n\n<p>Le travail avec partenaire s\u2019effectue entre autres par la pratique du&nbsp;<strong>kenjutsu<\/strong>, avec des bokkens (sabre d\u2019entra\u00eenement en bois).<\/p>\n\n\n\n<p>Enfin, une connaissance, au moins th\u00e9orique, du&nbsp;<em>Nippon-To<\/em>&nbsp;(sabre japonais) est exig\u00e9e des pratiquants d\u2019Ia\u00efdo. Selon les trois p\u00f4les d\u00e9finis par la FEI&nbsp;: nomenclature du sabre, appr\u00e9ciation historique et esth\u00e9tique, forge et fabrication.<\/p>\n\n\n\n<p>Si les&nbsp;<em>bu-jutsu<\/em>&nbsp;(techniques de combat) recherchent avant tout l\u2019efficacit\u00e9, les&nbsp;<em>Budo<\/em>&nbsp;(Voies du combat) qui s\u2019appuient sur cette base martiale, recherche le d\u00e9veloppement moral et spirituel du pratiquant.<\/p>\n\n\n\n<p>Plus d\u2019informations sur la site de la <a href=\"https:\/\/fei-iai.ch\/\">FEI<\/a>&nbsp;:&nbsp;<em>Kenjutsu &#8211; Ia\u00efjutsu &#8211; Ia\u00efdo, Les diff\u00e9rentes facettes de la pratique du sabre<\/em>.<\/p>\n","protected":false},"excerpt":{"rendered":"<p>Ia\u00efdo&nbsp;\u5c45\u5408\u9053 L\u2019Iaido c\u2019est donc la Voie de l\u2019Unit\u00e9 de l\u2019\u00catre . Voie de l\u2019union de soi avec le reste, Voie de l\u2019adaptation ou de l\u2019harmonie, \u00e0 toutes les circonstances, \u00e0 toutes les situations . Muso Shinden Ryu L\u2019\u00e9cole d\u2019Ia\u00efdo enseign\u00e9e par&nbsp;Seigyo Iaido est Muso Shinden Ryu. Fond\u00e9e sur les bases &hellip;<\/p>\n","protected":false},"author":2,"featured_media":0,"parent":0,"menu_order":0,"comment_status":"closed","ping_status":"closed","template":"","meta":{"footnotes":""},"class_list":["post-27","page","type-page","status-publish","hentry"],"_links":{"self":[{"href":"https:\/\/sainteartsmartiaux.fr\/index.php\/wp-json\/wp\/v2\/pages\/27","targetHints":{"allow":["GET"]}}],"collection":[{"href":"https:\/\/sainteartsmartiaux.fr\/index.php\/wp-json\/wp\/v2\/pages"}],"about":[{"href":"https:\/\/sainteartsmartiaux.fr\/index.php\/wp-json\/wp\/v2\/types\/page"}],"author":[{"embeddable":true,"href":"https:\/\/sainteartsmartiaux.fr\/index.php\/wp-json\/wp\/v2\/users\/2"}],"replies":[{"embeddable":true,"href":"https:\/\/sainteartsmartiaux.fr\/index.php\/wp-json\/wp\/v2\/comments?post=27"}],"version-history":[{"count":10,"href":"https:\/\/sainteartsmartiaux.fr\/index.php\/wp-json\/wp\/v2\/pages\/27\/revisions"}],"predecessor-version":[{"id":253,"href":"https:\/\/sainteartsmartiaux.fr\/index.php\/wp-json\/wp\/v2\/pages\/27\/revisions\/253"}],"wp:attachment":[{"href":"https:\/\/sainteartsmartiaux.fr\/index.php\/wp-json\/wp\/v2\/media?parent=27"}],"curies":[{"name":"wp","href":"https:\/\/api.w.org\/{rel}","templated":true}]}}