{"id":41,"date":"2023-08-15T10:32:33","date_gmt":"2023-08-15T08:32:33","guid":{"rendered":"https:\/\/sainteartsmartiaux.fr\/?page_id=41"},"modified":"2023-09-28T12:37:01","modified_gmt":"2023-09-28T10:37:01","slug":"le-dojo","status":"publish","type":"page","link":"https:\/\/sainteartsmartiaux.fr\/index.php\/le-dojo\/","title":{"rendered":"LE DOJO"},"content":{"rendered":"\n<p>Nous ne pouvions pas d\u00e9marrer l&rsquo;histoire de notre Dojo sans Messieurs BAUDOT et MOREAU les fondateurs de celui-ci.<\/p>\n\n\n\n<div class=\"wp-block-columns is-layout-flex wp-container-core-columns-is-layout-9d6595d7 wp-block-columns-is-layout-flex\">\n<div class=\"wp-block-column is-layout-flow wp-block-column-is-layout-flow\"><div class=\"wp-block-image\">\n<figure class=\"aligncenter size-full\"><img loading=\"lazy\" decoding=\"async\" width=\"340\" height=\"399\" src=\"http:\/\/sainteartsmartiaux.fr\/wp-content\/uploads\/2023\/09\/moreauC.jpg\" alt=\"\" class=\"wp-image-259\" srcset=\"https:\/\/sainteartsmartiaux.fr\/wp-content\/uploads\/2023\/09\/moreauC.jpg 340w, https:\/\/sainteartsmartiaux.fr\/wp-content\/uploads\/2023\/09\/moreauC-256x300.jpg 256w, https:\/\/sainteartsmartiaux.fr\/wp-content\/uploads\/2023\/09\/moreauC-170x200.jpg 170w\" sizes=\"auto, (max-width: 340px) 100vw, 340px\" \/><\/figure>\n<\/div><\/div>\n\n\n\n<div class=\"wp-block-column is-layout-flow wp-block-column-is-layout-flow\"><div class=\"wp-block-image\">\n<figure class=\"aligncenter size-full is-resized\"><img loading=\"lazy\" decoding=\"async\" src=\"http:\/\/sainteartsmartiaux.fr\/wp-content\/uploads\/2023\/09\/ideo_judo_small.jpg\" alt=\"\" class=\"wp-image-260\" style=\"width:103px;height:201px\" width=\"103\" height=\"201\"\/><\/figure>\n<\/div><\/div>\n\n\n\n<div class=\"wp-block-column is-layout-flow wp-block-column-is-layout-flow\"><div class=\"wp-block-image\">\n<figure class=\"aligncenter size-full\"><img loading=\"lazy\" decoding=\"async\" width=\"370\" height=\"400\" src=\"http:\/\/sainteartsmartiaux.fr\/wp-content\/uploads\/2023\/09\/BAUDOThtC.jpg\" alt=\"\" class=\"wp-image-261\" srcset=\"https:\/\/sainteartsmartiaux.fr\/wp-content\/uploads\/2023\/09\/BAUDOThtC.jpg 370w, https:\/\/sainteartsmartiaux.fr\/wp-content\/uploads\/2023\/09\/BAUDOThtC-278x300.jpg 278w, https:\/\/sainteartsmartiaux.fr\/wp-content\/uploads\/2023\/09\/BAUDOThtC-185x200.jpg 185w\" sizes=\"auto, (max-width: 370px) 100vw, 370px\" \/><\/figure>\n<\/div><\/div>\n<\/div>\n\n\n\n<div class=\"wp-block-columns is-layout-flex wp-container-core-columns-is-layout-9d6595d7 wp-block-columns-is-layout-flex\">\n<div class=\"wp-block-column is-layout-flow wp-block-column-is-layout-flow\">\n<p class=\"has-text-align-center\"><strong>Raymond MOREAU <\/strong>Professeur de Judo C.N. 7 \u00e8me DAN<br>Ancien membre de l&rsquo;\u00e9quipe de France 1957-1958Demi finale championnat de France toute cat\u00e9gorie.Meilleur combattant de l&rsquo;Union F\u00e9d\u00e9rale de Judo.Exp\u00e9rience : 2 ans au Japon.<\/p>\n<\/div>\n\n\n\n<div class=\"wp-block-column is-layout-flow wp-block-column-is-layout-flow\">\n<p class=\"has-text-align-center\"><strong>Georges BAUDOT <\/strong>Professeur de judo C.N. 7\u00e8me DANEx Directeur-professeur \u00e0 l&rsquo;\u00e9cole des cadres de judo de la ligue du Lyonnais.Ex-Conseiller technique f\u00e9d\u00e9ral.<br>Ex-Champion du lyonnais et inter-r\u00e9gion.Exp\u00e9rience : 2 ans au Japon.<\/p>\n<\/div>\n<\/div>\n\n\n\n<hr class=\"wp-block-separator has-alpha-channel-opacity\"\/>\n\n\n\n<p><strong>DOJO &amp; Le JUDO CLUB DE LA LOIRE&#8230;Leur histoire<\/strong><\/p>\n\n\n\n<p><strong>1947<\/strong> : Georges BAUDOT et Raymond MOREAU prennent leur premi\u00e8re inscription au Judo Club Pasteur \u00e0 Paris.<br>Ils deviennent tr\u00e8s vite des \u00abmordus\u00bb de ce sport encore \u00e0 l&rsquo;\u00e9tat embryonnaire en France.<\/p>\n\n\n\n<hr class=\"wp-block-separator has-alpha-channel-opacity\"\/>\n\n\n\n<p><strong>1949<\/strong> : Marcel CERDAN nous quittait alors qu&rsquo;ils sont tous deux ceinture marron, leur professeur, M. LEVANNIER, les incite \u00e0 ouvrir un Club en province afin de faire d\u00e9couvrir le Judo. Clermont-Ferrand, Grenoble et St Etienne sont alors sans club. Mais quelques mois avant de se rendre sur place, il s&rsquo;av\u00e8re qu&rsquo;un judo club a \u00e9t\u00e9 ouvert \u00e0 Clermont-Ferrand et \u00e0 Grenoble.<br>C&rsquo;est ainsi qu&rsquo;au mois d&rsquo;ao\u00fbt 1949, Georges BAUDOT et Raymond MOREAU, accompagn\u00e9s de M. LEVANNIER et de sa famille, profitent d&rsquo;un mois de vacances pour venir \u00e0 St Etienne afin de trouver un local. Apr\u00e8s des recherches difficiles le 12 de la rue Marengo est retenu.<\/p>\n\n\n\n<hr class=\"wp-block-separator has-alpha-channel-opacity\"\/>\n\n\n\n<p><strong>le 23 octobre 1949<\/strong> : le JUDO CLUB STEPHANOIS ouvre ses portes. Superficie totale de 36 m2 vestiaires et tatamis inclus.<\/p>\n\n\n\n<p>Le tatami de 24 m2 \u00e9tait compos\u00e9 d&rsquo;une couche de sciure et de copeaux de bois, puis d&rsquo;une \u00e9paisseur de vieilles carpettes, le tout recouvert par une b\u00e2che. On refaisait le tapis tous les deux ou trois mois. M. MOREAU assure seul la direction du club et les cours pendant que Georges BAUDOT effectue son service militaire. Tr\u00e8s vite, un noyau d&rsquo;habitu\u00e9s se forme. Il y a alors une trentaine d&rsquo;adh\u00e9rents qui s&rsquo;entra\u00eenent quatre fois par semaine et le club reste ouvert juillet et ao\u00fbt. Le dynamisme du club offre \u00e0 la ville de nombreuses repr\u00e9sentations et afin de faire conna\u00eetre le judo, d&rsquo;int\u00e9resser les gens et amener de nouveaux \u00e9l\u00e8ves au club des Galas o\u00f9 participent Mr et Mme LEVANNIER, premi\u00e8re ceinture noire f\u00e9minine fran\u00e7aise, sont organis\u00e9s \u00e0 l&rsquo;Eden.<\/p>\n\n\n\n<hr class=\"wp-block-separator has-alpha-channel-opacity\"\/>\n\n\n\n<p><strong>1950<\/strong>  : M. MOREAU devient ceinture noire. Georges BAUDOT rentre de l&rsquo;arm\u00e9e et le remplace au club pendant qu&rsquo;il effectue \u00e0 son tour son service militaire.<\/p>\n\n\n\n<hr class=\"wp-block-separator has-alpha-channel-opacity\"\/>\n\n\n\n<p><strong>1952<\/strong> : Ma\u00eetre Ishiro ABE, 6\u00e8me dan japonais parcoure la France. Mrs BAUDOT et MOREAU profitent de son enseignement et deviennent ses \u00e9l\u00e8ves. M. MOREAU sera son partenaire lors de d\u00e9monstrations en France et en Europe.<br><br>Victime de son succ\u00e8s, le Judo Club St\u00e9phanois devient trop petit. Le Judo Club de la Loire est alors cr\u00e9\u00e9 8 rue Henri BARBUSSE. Le Judo Club For\u00e9zien arr\u00eate son activit\u00e9 et M. BOZETTI rentre \u00e0 Paris.<\/p>\n\n\n\n<hr class=\"wp-block-separator has-alpha-channel-opacity\"\/>\n\n\n\n<p><strong>1953\/54<\/strong> : Une section enfants est ouverte.<\/p>\n\n\n\n<p>Alors que les premi\u00e8res comp\u00e9titions de fin de mois sont mises en place, le Judo Club de la Loire s&rsquo;illustre lors de rencontres ext\u00e9rieures : Championnat de la Loire, championnats de France. Le club compte alors 10 ceintures noires.<\/p>\n\n\n\n<p>Le Judo Club St\u00e9phanois et le Judo Club de la Loire fusionnent.<\/p>\n\n\n\n<hr class=\"wp-block-separator has-alpha-channel-opacity\"\/>\n\n\n\n<div class=\"wp-block-columns is-layout-flex wp-container-core-columns-is-layout-9d6595d7 wp-block-columns-is-layout-flex\">\n<div class=\"wp-block-column is-layout-flow wp-block-column-is-layout-flow\" style=\"flex-basis:100%\">\n<p><strong>1955\/56<\/strong> : (Rencontre avec le ma\u00eetre MIFUNE)<\/p>\n\n\n\n<p>M. BAUDOT embarque pour le Japon, le 13 avril 1955 pour un s\u00e9jour d&rsquo;une dur\u00e9e deux ans, afin d&rsquo;y suivre les cours du Kodokan de Tokyo (Centre sup\u00e9rieur mondial pour l&rsquo;\u00e9tude du Judo).<\/p>\n\n\n\n<p>Il est ainsi le 1er fran\u00e7ais \u00e0 \u00eatre admis \u00e0 \u00e9tudier aupr\u00e8s des ma\u00eetres du Judo. L\u00e0-bas, il a l&rsquo;honneur d&rsquo;\u00eatre d\u00e9sign\u00e9 pour pr\u00e9senter le Nage-No-Kata avec M. Ishiro ABE en d\u00e9monstration des premiers championnats du monde \u00e0 Tokyo en 1956.<\/p>\n\n\n<div class=\"wp-block-image\">\n<figure class=\"aligncenter size-large is-resized\"><img loading=\"lazy\" decoding=\"async\" src=\"https:\/\/sainteartsmartiaux.fr\/wp-content\/uploads\/2023\/09\/56nageno-721x1024.jpg\" alt=\"\" class=\"wp-image-263\" style=\"width:311px;height:442px\" width=\"311\" height=\"442\" srcset=\"https:\/\/sainteartsmartiaux.fr\/wp-content\/uploads\/2023\/09\/56nageno-721x1024.jpg 721w, https:\/\/sainteartsmartiaux.fr\/wp-content\/uploads\/2023\/09\/56nageno-211x300.jpg 211w, https:\/\/sainteartsmartiaux.fr\/wp-content\/uploads\/2023\/09\/56nageno-768x1091.jpg 768w, https:\/\/sainteartsmartiaux.fr\/wp-content\/uploads\/2023\/09\/56nageno-141x200.jpg 141w, https:\/\/sainteartsmartiaux.fr\/wp-content\/uploads\/2023\/09\/56nageno.jpg 806w\" sizes=\"auto, (max-width: 311px) 100vw, 311px\" \/><\/figure>\n<\/div><\/div>\n<\/div>\n\n\n\n<hr class=\"wp-block-separator has-alpha-channel-opacity\"\/>\n\n\n\n<p><strong>1957<\/strong> : Raymond MOREAU, ceinture noire, 3\u00e8me dan fait partie de l&rsquo;Equipe de France lors des Comp\u00e9titions France\/Hollande et France\/Allemagne. Dans le m\u00eame temps, il se classe meilleur combattant des ceintures noires lors du stage national de fin d&rsquo;ann\u00e9e, dirig\u00e9 par les ma\u00eetres Ishiro ABE et K. SATO, tous deux 6\u00e8me dan.<br><strong>Le 29 mars 1957<\/strong><\/p>\n\n\n\n<p>Georges BAUDOT rentre du Japon pleinement satisfait, \u00e9tant parvenu \u00e0 faire reconna\u00eetre son grade et \u00e0 passer avec succ\u00e8s son 3\u00e8me dan.<\/p>\n\n\n\n<p>Robert BEAUCHAUD remporte le championnat de la Loire<\/p>\n\n\n\n<p>Le 5 juillet1957, Raymond MOREAU part \u00e0 son tour pour le Japon pour deux ans.<\/p>\n\n\n\n<hr class=\"wp-block-separator has-alpha-channel-opacity\"\/>\n\n\n\n<p><strong>1958<\/strong> : Pour la premi\u00e8re fois dans la Loire, une femme, Mme LANDAIS, acc\u00e8de au grade de ceinture noire.<\/p>\n\n\n\n<p>DE GAULLE cr\u00e9e la 5\u00e8me R\u00e9publique<\/p>\n\n\n\n<hr class=\"wp-block-separator has-alpha-channel-opacity\"\/>\n\n\n\n<p><strong>1959<\/strong> : M. MOREAU rentre du Japon, il est maintenant 4\u00e8me dan. Le club compte alors 23 ceintures noires. (Pour les plus observateurs, nous reconna\u00eetrons notre tableau d&rsquo;honneur en bois qui est toujours pr\u00e9sent encore aujourd&rsquo;hui \u00e0 l&rsquo;entr\u00e9e du Dojo).<\/p>\n\n\n<div class=\"wp-block-image\">\n<figure class=\"aligncenter size-full is-resized\"><img loading=\"lazy\" decoding=\"async\" src=\"https:\/\/sainteartsmartiaux.fr\/wp-content\/uploads\/2023\/09\/59barbus.jpg\" alt=\"\" class=\"wp-image-264\" style=\"width:386px;height:259px\" width=\"386\" height=\"259\" srcset=\"https:\/\/sainteartsmartiaux.fr\/wp-content\/uploads\/2023\/09\/59barbus.jpg 922w, https:\/\/sainteartsmartiaux.fr\/wp-content\/uploads\/2023\/09\/59barbus-300x201.jpg 300w, https:\/\/sainteartsmartiaux.fr\/wp-content\/uploads\/2023\/09\/59barbus-768x515.jpg 768w, https:\/\/sainteartsmartiaux.fr\/wp-content\/uploads\/2023\/09\/59barbus-298x200.jpg 298w\" sizes=\"auto, (max-width: 386px) 100vw, 386px\" \/><\/figure>\n<\/div>\n\n\n<hr class=\"wp-block-separator has-alpha-channel-opacity\"\/>\n\n\n\n<p><strong>1968<\/strong> : M. Hashimoto et M. Watanabe de passage au club dirigent des entra\u00eenements.<br><strong>Une section Karat\u00e9 <\/strong>ouvre sous la direction de M. DONNEL.<\/p>\n\n\n\n<hr class=\"wp-block-separator has-alpha-channel-opacity\"\/>\n\n\n\n<p><strong>1969\/72<\/strong> : Pendant que ARMSTRONG visite la lune, le Judo Club de la Loire f\u00eate ses 20 ans et Georges BAUDOT et Raymond MOREAU re\u00e7oivent des mains du maire de St-ETIENNE, M. DURAFOUR a m\u00e9daille d&rsquo;argent de la ville.<\/p>\n\n\n<div class=\"wp-block-image\">\n<figure class=\"aligncenter size-full is-resized\"><img loading=\"lazy\" decoding=\"async\" src=\"https:\/\/sainteartsmartiaux.fr\/wp-content\/uploads\/2023\/09\/69argent.jpg\" alt=\"\" class=\"wp-image-265\" style=\"width:232px;height:298px\" width=\"232\" height=\"298\" srcset=\"https:\/\/sainteartsmartiaux.fr\/wp-content\/uploads\/2023\/09\/69argent.jpg 701w, https:\/\/sainteartsmartiaux.fr\/wp-content\/uploads\/2023\/09\/69argent-233x300.jpg 233w, https:\/\/sainteartsmartiaux.fr\/wp-content\/uploads\/2023\/09\/69argent-156x200.jpg 156w\" sizes=\"auto, (max-width: 232px) 100vw, 232px\" \/><\/figure>\n<\/div>\n\n\n<hr class=\"wp-block-separator has-alpha-channel-opacity\"\/>\n\n\n\n<p><strong>1973<\/strong> : M. MOREAU effectue un deuxi\u00e8me s\u00e9jour au Japon ET Le club compte 5 nouvelles ceintures noires f\u00e9minines.<br><\/p>\n\n\n<div class=\"wp-block-image\">\n<figure class=\"aligncenter size-full is-resized\"><img loading=\"lazy\" decoding=\"async\" src=\"https:\/\/sainteartsmartiaux.fr\/wp-content\/uploads\/2023\/09\/73femin.jpg\" alt=\"\" class=\"wp-image-266\" style=\"width:439px;height:294px\" width=\"439\" height=\"294\" srcset=\"https:\/\/sainteartsmartiaux.fr\/wp-content\/uploads\/2023\/09\/73femin.jpg 722w, https:\/\/sainteartsmartiaux.fr\/wp-content\/uploads\/2023\/09\/73femin-300x201.jpg 300w, https:\/\/sainteartsmartiaux.fr\/wp-content\/uploads\/2023\/09\/73femin-298x200.jpg 298w\" sizes=\"auto, (max-width: 439px) 100vw, 439px\" \/><\/figure>\n<\/div>\n\n\n<hr class=\"wp-block-separator has-alpha-channel-opacity\"\/>\n\n\n\n<p><strong>1974<\/strong> : Le ma\u00eetre japonais Hiroshi Minatoya, 2 fois champion du monde mi-moyen, 3 fois champion du Japon arrive \u00e0 St Etienne en compagnie de Sa femme pour un stage d&rsquo;un mois. Le club f\u00eate ses 25 ans<\/p>\n\n\n<div class=\"wp-block-image\">\n<figure class=\"aligncenter size-full is-resized\"><img loading=\"lazy\" decoding=\"async\" src=\"https:\/\/sainteartsmartiaux.fr\/wp-content\/uploads\/2023\/09\/74bm.jpg\" alt=\"\" class=\"wp-image-267\" style=\"width:500px;height:376px\" width=\"500\" height=\"376\" srcset=\"https:\/\/sainteartsmartiaux.fr\/wp-content\/uploads\/2023\/09\/74bm.jpg 937w, https:\/\/sainteartsmartiaux.fr\/wp-content\/uploads\/2023\/09\/74bm-300x226.jpg 300w, https:\/\/sainteartsmartiaux.fr\/wp-content\/uploads\/2023\/09\/74bm-768x578.jpg 768w, https:\/\/sainteartsmartiaux.fr\/wp-content\/uploads\/2023\/09\/74bm-266x200.jpg 266w\" sizes=\"auto, (max-width: 500px) 100vw, 500px\" \/><\/figure>\n<\/div>\n\n\n<hr class=\"wp-block-separator has-alpha-channel-opacity\"\/>\n\n\n\n<p><strong>1976<\/strong> : M. BAUDOT acc\u00e8de au grade de 6\u00e8me dan.<\/p>\n\n\n\n<p>Venue de Isamu SONODA, m\u00e9daille d&rsquo;or aux J.O. de Montr\u00e9al avec sa femme pour une dur\u00e9e d&rsquo;un mois.<\/p>\n\n\n<div class=\"wp-block-image\">\n<figure class=\"aligncenter size-large is-resized\"><img loading=\"lazy\" decoding=\"async\" src=\"https:\/\/sainteartsmartiaux.fr\/wp-content\/uploads\/2023\/09\/76SONODA-1024x756.jpg\" alt=\"\" class=\"wp-image-268\" style=\"width:634px;height:468px\" width=\"634\" height=\"468\" srcset=\"https:\/\/sainteartsmartiaux.fr\/wp-content\/uploads\/2023\/09\/76SONODA-1024x756.jpg 1024w, https:\/\/sainteartsmartiaux.fr\/wp-content\/uploads\/2023\/09\/76SONODA-300x222.jpg 300w, https:\/\/sainteartsmartiaux.fr\/wp-content\/uploads\/2023\/09\/76SONODA-768x567.jpg 768w, https:\/\/sainteartsmartiaux.fr\/wp-content\/uploads\/2023\/09\/76SONODA-271x200.jpg 271w, https:\/\/sainteartsmartiaux.fr\/wp-content\/uploads\/2023\/09\/76SONODA.jpg 1400w\" sizes=\"auto, (max-width: 634px) 100vw, 634px\" \/><\/figure>\n<\/div>\n\n\n<hr class=\"wp-block-separator has-alpha-channel-opacity\"\/>\n\n\n\n<p><strong>1978<\/strong> : La section Karat\u00e9 accueille maitre Hiroo MOCHIZUKI, 7\u00e8me dan de karat\u00e9, 8\u00e8me dan de Ju J\u00eetsu, cr\u00e9ateur du Yoseidan Budo, m\u00e9thode compl\u00e8te de self d\u00e9fense sup\u00e9rieure.<\/p>\n\n\n<div class=\"wp-block-image\">\n<figure class=\"aligncenter size-full\"><img loading=\"lazy\" decoding=\"async\" width=\"649\" height=\"490\" src=\"https:\/\/sainteartsmartiaux.fr\/wp-content\/uploads\/2023\/09\/78kawgal.jpg\" alt=\"\" class=\"wp-image-269\" srcset=\"https:\/\/sainteartsmartiaux.fr\/wp-content\/uploads\/2023\/09\/78kawgal.jpg 649w, https:\/\/sainteartsmartiaux.fr\/wp-content\/uploads\/2023\/09\/78kawgal-300x227.jpg 300w, https:\/\/sainteartsmartiaux.fr\/wp-content\/uploads\/2023\/09\/78kawgal-265x200.jpg 265w\" sizes=\"auto, (max-width: 649px) 100vw, 649px\" \/><\/figure>\n<\/div>\n\n\n<hr class=\"wp-block-separator has-alpha-channel-opacity\"\/>\n\n\n\n<p><strong>1980<\/strong> : St-Etienne re\u00e7oit Shozo FUJII, le judoka le plus titr\u00e9, 5 fois champion du monde, en compagnie de sa femme pour un stage d&rsquo;un mois.<\/p>\n\n\n<div class=\"wp-block-image\">\n<figure class=\"aligncenter size-full is-resized\"><img loading=\"lazy\" decoding=\"async\" src=\"https:\/\/sainteartsmartiaux.fr\/wp-content\/uploads\/2023\/09\/80FUJII2.jpg\" alt=\"\" class=\"wp-image-270\" style=\"width:337px;height:474px\" width=\"337\" height=\"474\" srcset=\"https:\/\/sainteartsmartiaux.fr\/wp-content\/uploads\/2023\/09\/80FUJII2.jpg 700w, https:\/\/sainteartsmartiaux.fr\/wp-content\/uploads\/2023\/09\/80FUJII2-213x300.jpg 213w, https:\/\/sainteartsmartiaux.fr\/wp-content\/uploads\/2023\/09\/80FUJII2-142x200.jpg 142w\" sizes=\"auto, (max-width: 337px) 100vw, 337px\" \/><\/figure>\n<\/div>\n\n\n<hr class=\"wp-block-separator has-alpha-channel-opacity\"\/>\n\n\n\n<p><strong>1982<\/strong> : Le Judo Club de la Loire re\u00e7oit Takafumi UEGUCHI, vice-champion du monde des mi-lourds et vice-champion du Japon toutes cat\u00e9gories.<\/p>\n\n\n<div class=\"wp-block-image\">\n<figure class=\"aligncenter size-full is-resized\"><img loading=\"lazy\" decoding=\"async\" src=\"https:\/\/sainteartsmartiaux.fr\/wp-content\/uploads\/2023\/09\/82Uegushi.jpg\" alt=\"\" class=\"wp-image-271\" style=\"width:259px;height:515px\" width=\"259\" height=\"515\" srcset=\"https:\/\/sainteartsmartiaux.fr\/wp-content\/uploads\/2023\/09\/82Uegushi.jpg 501w, https:\/\/sainteartsmartiaux.fr\/wp-content\/uploads\/2023\/09\/82Uegushi-151x300.jpg 151w, https:\/\/sainteartsmartiaux.fr\/wp-content\/uploads\/2023\/09\/82Uegushi-101x200.jpg 101w\" sizes=\"auto, (max-width: 259px) 100vw, 259px\" \/><\/figure>\n<\/div>\n\n\n<hr class=\"wp-block-separator has-alpha-channel-opacity\"\/>\n\n\n\n<p><strong>1984<\/strong> : Zoubir ARESKI, professeur de Karat\u00e9, part au Japon pour un stage d&rsquo;un an. Rassurez vous, il est revenu depuis et est toujours Enseignant chez nous au St Etienne Arts Martiaux<br><\/p>\n\n\n<div class=\"wp-block-image\">\n<figure class=\"aligncenter size-full is-resized\"><img loading=\"lazy\" decoding=\"async\" src=\"https:\/\/sainteartsmartiaux.fr\/wp-content\/uploads\/2023\/09\/84areski.jpg\" alt=\"\" class=\"wp-image-272\" style=\"width:362px;height:428px\" width=\"362\" height=\"428\" srcset=\"https:\/\/sainteartsmartiaux.fr\/wp-content\/uploads\/2023\/09\/84areski.jpg 571w, https:\/\/sainteartsmartiaux.fr\/wp-content\/uploads\/2023\/09\/84areski-254x300.jpg 254w, https:\/\/sainteartsmartiaux.fr\/wp-content\/uploads\/2023\/09\/84areski-169x200.jpg 169w\" sizes=\"auto, (max-width: 362px) 100vw, 362px\" \/><\/figure>\n<\/div>\n\n\n<hr class=\"wp-block-separator has-alpha-channel-opacity\"\/>\n\n\n\n<p><strong>1985<\/strong> : Ma\u00eetre AWAZU, entra\u00eeneur national fait l&rsquo;honneur de sa pr\u00e9sence au club.<\/p>\n\n\n<div class=\"wp-block-image\">\n<figure class=\"aligncenter size-full is-resized\"><img loading=\"lazy\" decoding=\"async\" src=\"https:\/\/sainteartsmartiaux.fr\/wp-content\/uploads\/2023\/09\/85AWAZU.jpg\" alt=\"\" class=\"wp-image-273\" style=\"width:275px;height:312px\" width=\"275\" height=\"312\" srcset=\"https:\/\/sainteartsmartiaux.fr\/wp-content\/uploads\/2023\/09\/85AWAZU.jpg 668w, https:\/\/sainteartsmartiaux.fr\/wp-content\/uploads\/2023\/09\/85AWAZU-264x300.jpg 264w, https:\/\/sainteartsmartiaux.fr\/wp-content\/uploads\/2023\/09\/85AWAZU-176x200.jpg 176w\" sizes=\"auto, (max-width: 275px) 100vw, 275px\" \/><\/figure>\n<\/div>\n\n\n<hr class=\"wp-block-separator has-alpha-channel-opacity\"\/>\n\n\n\n<p><strong>1989<\/strong> : Chute du mur de Berlin&#8230; ET <strong>Le club f\u00eate ses 40 ans.<\/strong><\/p>\n\n\n\n<hr class=\"wp-block-separator has-alpha-channel-opacity\"\/>\n\n\n\n<p><strong>1990<\/strong> : D\u00e9cembre 1990 : M. DUBANCHET, maire de Saint Etienne, se rend rue Henri Barbusse afin de parler du projet du nouveau club.<\/p>\n\n\n\n<hr class=\"wp-block-separator has-alpha-channel-opacity\"\/>\n\n\n\n<p><strong>1994<\/strong> : M. Michel THIOLLERE, maire de Saint Etienne, inaugure officiellement le nouveau dojo et remet la m\u00e9daille d&rsquo;or de la ville \u00e0 M. BAUDOT et M. MOREAU.<\/p>\n\n\n<div class=\"wp-block-image\">\n<figure class=\"aligncenter size-large is-resized\"><img loading=\"lazy\" decoding=\"async\" src=\"https:\/\/sainteartsmartiaux.fr\/wp-content\/uploads\/2023\/09\/Dojo_84_entree-de-cote-1024x656.jpg\" alt=\"\" class=\"wp-image-274\" style=\"width:842px;height:539px\" width=\"842\" height=\"539\" srcset=\"https:\/\/sainteartsmartiaux.fr\/wp-content\/uploads\/2023\/09\/Dojo_84_entree-de-cote-1024x656.jpg 1024w, https:\/\/sainteartsmartiaux.fr\/wp-content\/uploads\/2023\/09\/Dojo_84_entree-de-cote-300x192.jpg 300w, https:\/\/sainteartsmartiaux.fr\/wp-content\/uploads\/2023\/09\/Dojo_84_entree-de-cote-768x492.jpg 768w, https:\/\/sainteartsmartiaux.fr\/wp-content\/uploads\/2023\/09\/Dojo_84_entree-de-cote-1536x984.jpg 1536w, https:\/\/sainteartsmartiaux.fr\/wp-content\/uploads\/2023\/09\/Dojo_84_entree-de-cote-312x200.jpg 312w, https:\/\/sainteartsmartiaux.fr\/wp-content\/uploads\/2023\/09\/Dojo_84_entree-de-cote.jpg 1692w\" sizes=\"auto, (max-width: 842px) 100vw, 842px\" \/><\/figure>\n<\/div>\n\n\n<hr class=\"wp-block-separator has-alpha-channel-opacity\"\/>\n\n\n\n<p><strong>1995 : <\/strong>La FFJDA d\u00e9clare le Judo Club de la Loire deuxi\u00e8me club de France par son nombre de licenci\u00e9s avec 741 adh\u00e9rents. Le premier, le Judo Club 85 Vend\u00e9e, n\u00e9 de la fusion de plusieurs clubs, ne compte que 8 adh\u00e9rents de plus.<\/p>\n\n\n\n<hr class=\"wp-block-separator has-alpha-channel-opacity\"\/>\n\n\n\n<p><strong>1998<\/strong> : La France championne du Monde&#8230; Les \u00e9l\u00e8ves multiplient les podiums et des sportifs de haut niveaux viennent profiter de nos infrastructures comme M.OKADA, double champion du monde &#8211; 86 kg en 1987 et 1991 et 3\u00e8me aux J.O. de Barcelone en 1992.<\/p>\n\n\n\n<hr class=\"wp-block-separator has-alpha-channel-opacity\"\/>\n\n\n\n<p class=\"has-text-align-center has-large-font-size\"><strong>Les ann\u00e9es ont pass\u00e9, le JCL n&rsquo;est plus pr\u00e9sent sous sa forme initiale, il est devenu SAINT ETIENNE ARTS MARTIAUX, notre club et nous sommes fi\u00e8res de continuer \u00e0 perp\u00e9tuer les valeurs insuffl\u00e9es depuis toutes ses ann\u00e9es. Le Dojo, qu&rsquo;en \u00e0 lui, est toujours l\u00e0, abritant encore plusieurs centaines de pratiquants de toutes disciplines. Un h\u00e9ritage que nous souhaitons perp\u00e9trer.<\/strong><\/p>\n","protected":false},"excerpt":{"rendered":"<p>Nous ne pouvions pas d\u00e9marrer l&rsquo;histoire de notre Dojo sans Messieurs BAUDOT et MOREAU les fondateurs de celui-ci. Raymond MOREAU Professeur de Judo C.N. 7 \u00e8me DANAncien membre de l&rsquo;\u00e9quipe de France 1957-1958Demi finale championnat de France toute cat\u00e9gorie.Meilleur combattant de l&rsquo;Union F\u00e9d\u00e9rale de Judo.Exp\u00e9rience : 2 ans au Japon. &hellip;<\/p>\n","protected":false},"author":2,"featured_media":0,"parent":0,"menu_order":0,"comment_status":"closed","ping_status":"closed","template":"","meta":{"footnotes":""},"class_list":["post-41","page","type-page","status-publish","hentry"],"_links":{"self":[{"href":"https:\/\/sainteartsmartiaux.fr\/index.php\/wp-json\/wp\/v2\/pages\/41","targetHints":{"allow":["GET"]}}],"collection":[{"href":"https:\/\/sainteartsmartiaux.fr\/index.php\/wp-json\/wp\/v2\/pages"}],"about":[{"href":"https:\/\/sainteartsmartiaux.fr\/index.php\/wp-json\/wp\/v2\/types\/page"}],"author":[{"embeddable":true,"href":"https:\/\/sainteartsmartiaux.fr\/index.php\/wp-json\/wp\/v2\/users\/2"}],"replies":[{"embeddable":true,"href":"https:\/\/sainteartsmartiaux.fr\/index.php\/wp-json\/wp\/v2\/comments?post=41"}],"version-history":[{"count":6,"href":"https:\/\/sainteartsmartiaux.fr\/index.php\/wp-json\/wp\/v2\/pages\/41\/revisions"}],"predecessor-version":[{"id":281,"href":"https:\/\/sainteartsmartiaux.fr\/index.php\/wp-json\/wp\/v2\/pages\/41\/revisions\/281"}],"wp:attachment":[{"href":"https:\/\/sainteartsmartiaux.fr\/index.php\/wp-json\/wp\/v2\/media?parent=41"}],"curies":[{"name":"wp","href":"https:\/\/api.w.org\/{rel}","templated":true}]}}