{"id":47,"date":"2023-08-15T10:35:19","date_gmt":"2023-08-15T08:35:19","guid":{"rendered":"https:\/\/sainteartsmartiaux.fr\/?page_id=47"},"modified":"2025-12-23T16:29:40","modified_gmt":"2025-12-23T15:29:40","slug":"saint-etienne-arts-martiaux","status":"publish","type":"page","link":"https:\/\/sainteartsmartiaux.fr\/","title":{"rendered":"Saint Etienne Arts Martiaux"},"content":{"rendered":"\n<figure class=\"wp-block-gallery has-nested-images columns-5 is-cropped wp-block-gallery-1 is-layout-flex wp-block-gallery-is-layout-flex\">\n<figure class=\"wp-block-image size-full\"><img loading=\"lazy\" decoding=\"async\" width=\"212\" height=\"300\" data-id=\"466\" src=\"http:\/\/sainteartsmartiaux.fr\/wp-content\/uploads\/2025\/09\/Iaido_Petite-212x300-1.webp\" alt=\"\" class=\"wp-image-466\" srcset=\"https:\/\/sainteartsmartiaux.fr\/wp-content\/uploads\/2025\/09\/Iaido_Petite-212x300-1.webp 212w, https:\/\/sainteartsmartiaux.fr\/wp-content\/uploads\/2025\/09\/Iaido_Petite-212x300-1-141x200.webp 141w\" sizes=\"auto, (max-width: 212px) 100vw, 212px\" \/><figcaption class=\"wp-element-caption\">Iaido<\/figcaption><\/figure>\n\n\n\n<figure class=\"wp-block-image size-full\"><img loading=\"lazy\" decoding=\"async\" width=\"212\" height=\"300\" data-id=\"463\" src=\"http:\/\/sainteartsmartiaux.fr\/wp-content\/uploads\/2025\/09\/Judo_Petite-212x300-2.webp\" alt=\"\" class=\"wp-image-463\" srcset=\"https:\/\/sainteartsmartiaux.fr\/wp-content\/uploads\/2025\/09\/Judo_Petite-212x300-2.webp 212w, https:\/\/sainteartsmartiaux.fr\/wp-content\/uploads\/2025\/09\/Judo_Petite-212x300-2-141x200.webp 141w\" sizes=\"auto, (max-width: 212px) 100vw, 212px\" \/><figcaption class=\"wp-element-caption\">Judo<\/figcaption><\/figure>\n\n\n\n<figure class=\"wp-block-image size-full\"><img loading=\"lazy\" decoding=\"async\" width=\"212\" height=\"300\" data-id=\"464\" src=\"http:\/\/sainteartsmartiaux.fr\/wp-content\/uploads\/2025\/09\/Karate_Petite-212x300-2.webp\" alt=\"\" class=\"wp-image-464\" srcset=\"https:\/\/sainteartsmartiaux.fr\/wp-content\/uploads\/2025\/09\/Karate_Petite-212x300-2.webp 212w, https:\/\/sainteartsmartiaux.fr\/wp-content\/uploads\/2025\/09\/Karate_Petite-212x300-2-141x200.webp 141w\" sizes=\"auto, (max-width: 212px) 100vw, 212px\" \/><figcaption class=\"wp-element-caption\">Karat\u00e9<\/figcaption><\/figure>\n\n\n\n<figure class=\"wp-block-image size-full\"><img loading=\"lazy\" decoding=\"async\" width=\"212\" height=\"300\" data-id=\"467\" src=\"http:\/\/sainteartsmartiaux.fr\/wp-content\/uploads\/2025\/09\/KravMaga_Petite-212x300-1.webp\" alt=\"\" class=\"wp-image-467\" srcset=\"https:\/\/sainteartsmartiaux.fr\/wp-content\/uploads\/2025\/09\/KravMaga_Petite-212x300-1.webp 212w, https:\/\/sainteartsmartiaux.fr\/wp-content\/uploads\/2025\/09\/KravMaga_Petite-212x300-1-141x200.webp 141w\" sizes=\"auto, (max-width: 212px) 100vw, 212px\" \/><figcaption class=\"wp-element-caption\">Krav Maga<\/figcaption><\/figure>\n\n\n\n<figure class=\"wp-block-image size-full\"><img loading=\"lazy\" decoding=\"async\" width=\"212\" height=\"300\" data-id=\"462\" src=\"http:\/\/sainteartsmartiaux.fr\/wp-content\/uploads\/2025\/09\/Aikido_Petite-212x300-2.webp\" alt=\"\" class=\"wp-image-462\" srcset=\"https:\/\/sainteartsmartiaux.fr\/wp-content\/uploads\/2025\/09\/Aikido_Petite-212x300-2.webp 212w, https:\/\/sainteartsmartiaux.fr\/wp-content\/uploads\/2025\/09\/Aikido_Petite-212x300-2-141x200.webp 141w\" sizes=\"auto, (max-width: 212px) 100vw, 212px\" \/><figcaption class=\"wp-element-caption\">Aikido<\/figcaption><\/figure>\n<\/figure>\n\n\n\n<p class=\"has-text-align-center has-larger-font-size\"><strong>ASSEMBLEE GENERALE SEAM<\/strong><\/p>\n\n\n\n<p class=\"has-text-align-center has-larger-font-size\">Tous les adh\u00e9rents sont convi\u00e9s \u00e0 assister \u00e0 l&rsquo;assembl\u00e9e g\u00e9n\u00e9rale ordinaire qui se tiendra le <strong>vendredi 19 d\u00e9cembre \u00e0 20h30<\/strong> au dojo en salle vid\u00e9o<\/p>\n\n\n\n<hr class=\"wp-block-separator has-alpha-channel-opacity\"\/>\n\n\n\n<p class=\"has-text-align-center has-larger-font-size\">Un club avec plus de <strong>390<\/strong> licenci\u00e9s.<\/p>\n\n\n\n<p class=\"has-text-align-center has-large-font-size\">Consulter ou T\u00e9l\u00e9charger les fichiers d&rsquo;inscription Saison 2025-2026 ci-dessous<\/p>\n\n\n\n<div class=\"wp-block-columns are-vertically-aligned-center has-large-font-size is-layout-flex wp-container-core-columns-is-layout-9d6595d7 wp-block-columns-is-layout-flex\">\n<div class=\"wp-block-column is-vertically-aligned-center is-layout-flow wp-block-column-is-layout-flow\" style=\"flex-basis:50%\">\n<div class=\"wp-block-file aligncenter\"><a id=\"wp-block-file--media-c2a41304-5e55-458f-9341-b97da1a8c8db\" href=\"http:\/\/sainteartsmartiaux.fr\/wp-content\/uploads\/2025\/08\/Inscription-2025_2026.pdf\" target=\"_blank\" rel=\"noreferrer noopener\">Inscription 2025_2026<\/a><a href=\"http:\/\/sainteartsmartiaux.fr\/wp-content\/uploads\/2025\/08\/Inscription-2025_2026.pdf\" class=\"wp-block-file__button wp-element-button\" download aria-describedby=\"wp-block-file--media-c2a41304-5e55-458f-9341-b97da1a8c8db\">T\u00e9l\u00e9charger<\/a><\/div>\n<\/div>\n\n\n\n<div class=\"wp-block-column is-vertically-aligned-center is-layout-flow wp-block-column-is-layout-flow\" style=\"flex-basis:50%\">\n<div class=\"wp-block-file aligncenter\"><a id=\"wp-block-file--media-915dbf3b-ae02-4aae-9efa-51f17a999a68\" href=\"http:\/\/sainteartsmartiaux.fr\/wp-content\/uploads\/2025\/08\/Tarif-Horaires_2025-2026.pdf\" target=\"_blank\" rel=\"noreferrer noopener\">Tarif-Horaires_2025-2026<\/a><a href=\"http:\/\/sainteartsmartiaux.fr\/wp-content\/uploads\/2025\/08\/Tarif-Horaires_2025-2026.pdf\" class=\"wp-block-file__button wp-element-button\" download aria-describedby=\"wp-block-file--media-915dbf3b-ae02-4aae-9efa-51f17a999a68\">T\u00e9l\u00e9charger<\/a><\/div>\n<\/div>\n<\/div>\n\n\n\n<div class=\"wp-block-columns has-large-font-size is-layout-flex wp-container-core-columns-is-layout-9d6595d7 wp-block-columns-is-layout-flex\">\n<div class=\"wp-block-column is-layout-flow wp-block-column-is-layout-flow\" style=\"flex-basis:33.34%\">\n<div class=\"wp-block-file aligncenter\"><a id=\"wp-block-file--media-484b5c33-9897-4b3e-bd24-4c04712cd004\" href=\"http:\/\/sainteartsmartiaux.fr\/wp-content\/uploads\/2024\/08\/cerfa_15699-01.pdf\" target=\"_blank\" rel=\"noreferrer noopener\">cerfa_15699-01<\/a><a href=\"http:\/\/sainteartsmartiaux.fr\/wp-content\/uploads\/2024\/08\/cerfa_15699-01.pdf\" class=\"wp-block-file__button wp-element-button\" download aria-describedby=\"wp-block-file--media-484b5c33-9897-4b3e-bd24-4c04712cd004\">T\u00e9l\u00e9charger<\/a><\/div>\n<\/div>\n\n\n\n<div class=\"wp-block-column is-layout-flow wp-block-column-is-layout-flow\" style=\"flex-basis:33.34%\">\n<div class=\"wp-block-file aligncenter\"><a id=\"wp-block-file--media-8195f37e-f028-457e-92f0-2766da5f28e2\" href=\"http:\/\/sainteartsmartiaux.fr\/wp-content\/uploads\/2024\/08\/Attestation_QSS.pdf\" target=\"_blank\" rel=\"noreferrer noopener\">Attestation_QSS<\/a><a href=\"http:\/\/sainteartsmartiaux.fr\/wp-content\/uploads\/2024\/08\/Attestation_QSS.pdf\" class=\"wp-block-file__button wp-element-button\" download aria-describedby=\"wp-block-file--media-8195f37e-f028-457e-92f0-2766da5f28e2\">T\u00e9l\u00e9charger<\/a><\/div>\n<\/div>\n\n\n\n<div class=\"wp-block-column is-layout-flow wp-block-column-is-layout-flow\" style=\"flex-basis:33.33%\">\n<div class=\"wp-block-file aligncenter\"><a id=\"wp-block-file--media-b226f10b-06d6-4394-94d9-43da7fd2fe6d\" href=\"http:\/\/sainteartsmartiaux.fr\/wp-content\/uploads\/2024\/08\/QSS_Mineurs.pdf\" target=\"_blank\" rel=\"noreferrer noopener\">QSS_Mineurs<\/a><a href=\"http:\/\/sainteartsmartiaux.fr\/wp-content\/uploads\/2024\/08\/QSS_Mineurs.pdf\" class=\"wp-block-file__button wp-element-button\" download aria-describedby=\"wp-block-file--media-b226f10b-06d6-4394-94d9-43da7fd2fe6d\">T\u00e9l\u00e9charger<\/a><\/div>\n<\/div>\n<\/div>\n\n\n\n<p><\/p>\n\n\n\n<p class=\"has-text-align-center has-large-font-size\">Nous sommes joignable soit par t\u00e9l\u00e9phone : 04 77 41 33 70<\/p>\n\n\n\n<p class=\"has-text-align-center has-large-font-size\">Soit par email : <a href=\"mailto:sainteartsmartiaux@gmail.com\">sainteartsmartiaux@gmail.com<\/a><\/p>\n","protected":false},"excerpt":{"rendered":"<p>ASSEMBLEE GENERALE SEAM Tous les adh\u00e9rents sont convi\u00e9s \u00e0 assister \u00e0 l&rsquo;assembl\u00e9e g\u00e9n\u00e9rale ordinaire qui se tiendra le vendredi 19 d\u00e9cembre \u00e0 20h30 au dojo en salle vid\u00e9o Un club avec plus de 390 licenci\u00e9s. Consulter ou T\u00e9l\u00e9charger les fichiers d&rsquo;inscription Saison 2025-2026 ci-dessous Nous sommes joignable soit par t\u00e9l\u00e9phone &hellip;<\/p>\n","protected":false},"author":2,"featured_media":0,"parent":0,"menu_order":0,"comment_status":"closed","ping_status":"closed","template":"","meta":{"footnotes":""},"class_list":["post-47","page","type-page","status-publish","hentry"],"_links":{"self":[{"href":"https:\/\/sainteartsmartiaux.fr\/index.php\/wp-json\/wp\/v2\/pages\/47","targetHints":{"allow":["GET"]}}],"collection":[{"href":"https:\/\/sainteartsmartiaux.fr\/index.php\/wp-json\/wp\/v2\/pages"}],"about":[{"href":"https:\/\/sainteartsmartiaux.fr\/index.php\/wp-json\/wp\/v2\/types\/page"}],"author":[{"embeddable":true,"href":"https:\/\/sainteartsmartiaux.fr\/index.php\/wp-json\/wp\/v2\/users\/2"}],"replies":[{"embeddable":true,"href":"https:\/\/sainteartsmartiaux.fr\/index.php\/wp-json\/wp\/v2\/comments?post=47"}],"version-history":[{"count":37,"href":"https:\/\/sainteartsmartiaux.fr\/index.php\/wp-json\/wp\/v2\/pages\/47\/revisions"}],"predecessor-version":[{"id":1071,"href":"https:\/\/sainteartsmartiaux.fr\/index.php\/wp-json\/wp\/v2\/pages\/47\/revisions\/1071"}],"wp:attachment":[{"href":"https:\/\/sainteartsmartiaux.fr\/index.php\/wp-json\/wp\/v2\/media?parent=47"}],"curies":[{"name":"wp","href":"https:\/\/api.w.org\/{rel}","templated":true}]}}